{"id":2,"date":"2025-08-05T20:38:52","date_gmt":"2025-08-05T20:38:52","guid":{"rendered":"http:\/\/studio.motoclup.com\/?page_id=2"},"modified":"2025-12-22T13:16:25","modified_gmt":"2025-12-22T10:16:25","slug":"anasayfa","status":"publish","type":"page","link":"https:\/\/studio.motoclup.com\/","title":{"rendered":"Anasayfa"},"content":{"rendered":"\t\t<div data-elementor-type=\"wp-page\" data-elementor-id=\"2\" class=\"elementor elementor-2\">\n\t\t\t\t<div class=\"elementor-element elementor-element-fc4a9d2 e-con-full e-flex e-con e-parent\" data-id=\"fc4a9d2\" data-element_type=\"container\">\n\t\t<div class=\"elementor-element elementor-element-754e37d e-con-full e-flex e-con e-child\" data-id=\"754e37d\" data-element_type=\"container\" data-settings=\"{&quot;background_background&quot;:&quot;classic&quot;}\">\n\t\t\t\t<div class=\"elementor-element elementor-element-693b3a6 elementor-widget elementor-widget-elementskit-heading\" data-id=\"693b3a6\" data-element_type=\"widget\" data-widget_type=\"elementskit-heading.default\">\n\t\t\t\t\t<div class=\"ekit-wid-con\" ><div class=\"ekit-heading elementskit-section-title-wraper text_center   ekit_heading_tablet-   ekit_heading_mobile-center\"><h3 class=\"elementskit-section-subtitle  \">\n\t\t\t\t\t\tMotoClup\n\t\t\t\t\t<\/h3><h2 class=\"ekit-heading--title elementskit-section-title \">G\u00f6rsel St\u00fcdyo<\/h2>\t\t\t\t<div class='ekit-heading__description'>\n\t\t\t\t\t<p>Foto\u011fraflar\u0131n\u0131 d\u00fczenle, afi\u015fler tasarla, i\u00e7eriklerini profesyonel hale getir. S\u00fcr\u00fckle-b\u0131rak kolayl\u0131\u011f\u0131yla yarat\u0131c\u0131 tasar\u0131mlar burada.<\/p>\n\t\t\t\t<\/div>\n\t\t\t<\/div><\/div>\t\t\t\t<\/div>\n\t\t\t\t<div class=\"elementor-element elementor-element-6dfcca6 elementor-align-left elementor-align--mobilecenter elementor-widget elementor-widget-elementskit-button\" data-id=\"6dfcca6\" data-element_type=\"widget\" data-widget_type=\"elementskit-button.default\">\n\t\t\t\t\t<div class=\"ekit-wid-con\" >\t\t<div class=\"ekit-btn-wraper\">\n\t\t\t\t\t\t\t<a href=\"https:\/\/studio.motoclup.com\/?page=image\" class=\"elementskit-btn  whitespace--normal\" id=\"\">\n\t\t\t\t\t\u015eimdi Dene\t\t\t\t<\/a>\n\t\t\t\t\t<\/div>\n        <\/div>\t\t\t\t<\/div>\n\t\t\t\t<\/div>\n\t\t<div class=\"elementor-element elementor-element-d9c5dde e-con-full e-flex e-con e-child\" data-id=\"d9c5dde\" data-element_type=\"container\" data-settings=\"{&quot;background_background&quot;:&quot;classic&quot;}\">\n\t\t\t\t<div class=\"elementor-element elementor-element-0339ff5 elementor-widget elementor-widget-elementskit-heading\" data-id=\"0339ff5\" data-element_type=\"widget\" data-widget_type=\"elementskit-heading.default\">\n\t\t\t\t\t<div class=\"ekit-wid-con\" ><div class=\"ekit-heading elementskit-section-title-wraper text_center   ekit_heading_tablet-   ekit_heading_mobile-center\"><h3 class=\"elementskit-section-subtitle  \">\n\t\t\t\t\t\tMotoClup\n\t\t\t\t\t<\/h3><h2 class=\"ekit-heading--title elementskit-section-title \">Video St\u00fcdyo<\/h2>\t\t\t\t<div class='ekit-heading__description'>\n\t\t\t\t\t<p>Kendi videonu kes, birle\u015ftir, ses ekle. Reel, tan\u0131t\u0131m ve yol videolar\u0131n i\u00e7in h\u0131zl\u0131 ve kolay video d\u00fczenleme arac\u0131.<\/p>\n\t\t\t\t<\/div>\n\t\t\t<\/div><\/div>\t\t\t\t<\/div>\n\t\t\t\t<div class=\"elementor-element elementor-element-7a9a7f4 elementor-align-left elementor-align--mobilecenter elementor-widget elementor-widget-elementskit-button\" data-id=\"7a9a7f4\" data-element_type=\"widget\" data-widget_type=\"elementskit-button.default\">\n\t\t\t\t\t<div class=\"ekit-wid-con\" >\t\t<div class=\"ekit-btn-wraper\">\n\t\t\t\t\t\t\t<a href=\"https:\/\/studio.motoclup.com\/?page=video\" class=\"elementskit-btn  whitespace--normal\" id=\"\">\n\t\t\t\t\t\u015eimdi Dene\t\t\t\t<\/a>\n\t\t\t\t\t<\/div>\n        <\/div>\t\t\t\t<\/div>\n\t\t\t\t<\/div>\n\t\t\t\t<\/div>\n\t\t\t\t<\/div>\n\t\t","protected":false},"excerpt":{"rendered":"<p>MotoClup G\u00f6rsel St\u00fcdyo Foto\u011fraflar\u0131n\u0131 d\u00fczenle, afi\u015fler tasarla, i\u00e7eriklerini profesyonel hale getir. S\u00fcr\u00fckle-b\u0131rak kolayl\u0131\u011f\u0131yla yarat\u0131c\u0131 tasar\u0131mlar burada. \u015eimdi Dene MotoClup Video St\u00fcdyo Kendi videonu kes, birle\u015ftir, ses ekle. Reel, tan\u0131t\u0131m ve yol videolar\u0131n i\u00e7in h\u0131zl\u0131 ve kolay video d\u00fczenleme arac\u0131. \u015eimdi Dene<\/p>\n","protected":false},"author":1,"featured_media":0,"parent":0,"menu_order":0,"comment_status":"closed","ping_status":"closed","template":"","meta":{"footnotes":""},"class_list":["post-2","page","type-page","status-publish","hentry"],"_links":{"self":[{"href":"https:\/\/studio.motoclup.com\/index.php\/wp-json\/wp\/v2\/pages\/2","targetHints":{"allow":["GET"]}}],"collection":[{"href":"https:\/\/studio.motoclup.com\/index.php\/wp-json\/wp\/v2\/pages"}],"about":[{"href":"https:\/\/studio.motoclup.com\/index.php\/wp-json\/wp\/v2\/types\/page"}],"author":[{"embeddable":true,"href":"https:\/\/studio.motoclup.com\/index.php\/wp-json\/wp\/v2\/users\/1"}],"replies":[{"embeddable":true,"href":"https:\/\/studio.motoclup.com\/index.php\/wp-json\/wp\/v2\/comments?post=2"}],"version-history":[{"count":34,"href":"https:\/\/studio.motoclup.com\/index.php\/wp-json\/wp\/v2\/pages\/2\/revisions"}],"predecessor-version":[{"id":1138,"href":"https:\/\/studio.motoclup.com\/index.php\/wp-json\/wp\/v2\/pages\/2\/revisions\/1138"}],"wp:attachment":[{"href":"https:\/\/studio.motoclup.com\/index.php\/wp-json\/wp\/v2\/media?parent=2"}],"curies":[{"name":"wp","href":"https:\/\/api.w.org\/{rel}","templated":true}]}}